{"id":37,"date":"2018-12-31T17:26:20","date_gmt":"2018-12-31T17:26:20","guid":{"rendered":"http:\/\/www.iiia.csic.es\/~sierra\/wp\/?page_id=37"},"modified":"2019-02-19T10:28:36","modified_gmt":"2019-02-19T09:28:36","slug":"my-students","status":"publish","type":"page","link":"https:\/\/www.iiia.csic.es\/~sierra\/my-students\/","title":{"rendered":"Students"},"content":{"rendered":"\n<p>Get info on my genealogy in science <a href=\"https:\/\/genealogy.math.ndsu.nodak.edu\/id.php?id=88606\">here<\/a>. And a graph with my ancestors <a href=\"http:\/\/www.iiia.csic.es\/~sierra\/wp-content\/uploads\/2018\/12\/SierraGenealogy.pdf\">here<\/a>.<\/p>\n\n\n\n<div class=\"wp-block-media-text alignwide\" style=\"grid-template-columns:17% auto\"><figure class=\"wp-block-media-text__media\"><img loading=\"lazy\" decoding=\"async\" width=\"360\" height=\"360\" src=\"http:\/\/www.iiia.csic.es\/~sierra\/wp\/wp-content\/uploads\/2019\/01\/Ewa.jpg\" alt=\"\" class=\"wp-image-112\" srcset=\"https:\/\/www.iiia.csic.es\/~sierra\/wp-content\/uploads\/2019\/01\/Ewa.jpg 360w, https:\/\/www.iiia.csic.es\/~sierra\/wp-content\/uploads\/2019\/01\/Ewa-150x150.jpg 150w, https:\/\/www.iiia.csic.es\/~sierra\/wp-content\/uploads\/2019\/01\/Ewa-300x300.jpg 300w\" sizes=\"auto, (max-width: 360px) 85vw, 360px\" \/><\/figure><div class=\"wp-block-media-text__content\">\n<p><a href=\"https:\/\/www.linkedin.com\/in\/ewa-andrejczuk-b2221846\/?originalSubdomain=es\">Ewa Andrejczuk<\/a><\/p>\n\n\n\n<p class=\"has-small-font-size\"><a href=\"http:\/\/www.iiia.csic.es\/~sierra\/wp-content\/uploads\/2019\/01\/ThesisEwa.pdf\">Get PhD<\/a><\/p>\n\n\n\n<p style=\"font-size:12px\">Research Fellow at <a href=\"http:\/\/ste-ntulab.ntu.edu.sg\/aboutus\/Pages\/default.aspx\">NTU, Singapore<\/a><\/p>\n<\/div><\/div>\n\n\n\n<div class=\"wp-block-media-text alignwide\" style=\"grid-template-columns:17% auto\"><figure class=\"wp-block-media-text__media\"><img loading=\"lazy\" decoding=\"async\" width=\"110\" height=\"160\" src=\"http:\/\/www.iiia.csic.es\/~sierra\/wp-content\/uploads\/2019\/01\/dave.jpg\" alt=\"\" class=\"wp-image-128\"\/><\/figure><div class=\"wp-block-media-text__content\">\n<p><a href=\"http:\/\/www.iiia.csic.es\/~davedejonge\/\">Dave de Jonge<\/a><\/p>\n\n\n\n<p class=\"has-small-font-size\"><a href=\"http:\/\/www.iiia.csic.es\/~sierra\/wp-content\/uploads\/2019\/01\/negotiations_over_large_agreement_spaces1.pdf\">Get PhD<\/a><\/p>\n\n\n\n<p style=\"font-size:12px\">Research Fellow at <a href=\"http:\/\/iiia.csic.es\">IIIA<\/a>, CSIC<\/p>\n<\/div><\/div>\n\n\n\n<div class=\"wp-block-media-text alignwide\" style=\"grid-template-columns:17% auto\"><figure class=\"wp-block-media-text__media\"><img loading=\"lazy\" decoding=\"async\" width=\"296\" height=\"333\" src=\"http:\/\/www.iiia.csic.es\/~sierra\/wp\/wp-content\/uploads\/2018\/12\/Mari.jpg\" alt=\"\" class=\"wp-image-38\" srcset=\"https:\/\/www.iiia.csic.es\/~sierra\/wp-content\/uploads\/2018\/12\/Mari.jpg 296w, https:\/\/www.iiia.csic.es\/~sierra\/wp-content\/uploads\/2018\/12\/Mari-267x300.jpg 267w\" sizes=\"auto, (max-width: 296px) 85vw, 296px\" \/><\/figure><div class=\"wp-block-media-text__content\">\n<p><strong>Mar\u00eda del Carmen Delgado<\/strong><\/p>\n\n\n\n<p class=\"has-small-font-size\"><a href=\"http:\/\/www.iiia.csic.es\/~sierra\/wp-content\/uploads\/2018\/12\/DelgadoThesis.pdf\">Get PhD<\/a><\/p>\n\n\n\n<p style=\"font-size:12px\">High School Teacher<\/p>\n<\/div><\/div>\n\n\n\n<div class=\"wp-block-media-text alignwide\" style=\"grid-template-columns:17% auto\"><figure class=\"wp-block-media-text__media\"><img loading=\"lazy\" decoding=\"async\" width=\"225\" height=\"225\" src=\"http:\/\/www.iiia.csic.es\/~sierra\/wp\/wp-content\/uploads\/2019\/01\/Angels.jpg\" alt=\"\" class=\"wp-image-108\" srcset=\"https:\/\/www.iiia.csic.es\/~sierra\/wp-content\/uploads\/2019\/01\/Angels.jpg 225w, https:\/\/www.iiia.csic.es\/~sierra\/wp-content\/uploads\/2019\/01\/Angels-150x150.jpg 150w\" sizes=\"auto, (max-width: 225px) 85vw, 225px\" \/><\/figure><div class=\"wp-block-media-text__content\">\n<p><a href=\"https:\/\/www.linkedin.com\/in\/fabregues\/?originalSubdomain=es\">\u00c0ngels F\u00e0bregues<\/a><\/p>\n\n\n\n<p class=\"has-small-font-size\"><a href=\"http:\/\/www.iiia.csic.es\/~sierra\/wp-content\/uploads\/2019\/01\/ThesisAngels.pdf\">Get P<\/a><a href=\"http:\/\/www.iiia.csic.es\/~sierra\/wp\/wp-content\/uploads\/2019\/01\/ThesisAngels.pdf\">hD<\/a><\/p>\n\n\n\n<p style=\"font-size:12px\">Research Fellow at <a href=\"http:\/\/uab.cat\">Autonomous University of Barcelona<\/a><\/p>\n<\/div><\/div>\n\n\n\n<div class=\"wp-block-media-text alignwide\" style=\"grid-template-columns:17% auto\"><figure class=\"wp-block-media-text__media\"><img loading=\"lazy\" decoding=\"async\" width=\"400\" height=\"400\" src=\"http:\/\/www.iiia.csic.es\/~sierra\/wp\/wp-content\/uploads\/2019\/01\/sindhu.jpeg\" alt=\"\" class=\"wp-image-138\" srcset=\"https:\/\/www.iiia.csic.es\/~sierra\/wp-content\/uploads\/2019\/01\/sindhu.jpeg 400w, https:\/\/www.iiia.csic.es\/~sierra\/wp-content\/uploads\/2019\/01\/sindhu-150x150.jpeg 150w, https:\/\/www.iiia.csic.es\/~sierra\/wp-content\/uploads\/2019\/01\/sindhu-300x300.jpeg 300w\" sizes=\"auto, (max-width: 400px) 85vw, 400px\" \/><\/figure><div class=\"wp-block-media-text__content\">\n<p><a href=\"https:\/\/www.linkedin.com\/in\/pfaratin\/\">Sindhu Joseph<\/a><\/p>\n\n\n\n<p class=\"has-small-font-size\"><a href=\"http:\/\/www.iiia.csic.es\/~sierra\/wp-content\/uploads\/2019\/01\/MONOG_45_S.JOSEPH.pdf\">Get PhD<\/a><\/p>\n\n\n\n<p><a href=\"http:\/\/www.iiia.csic.es\/~sierra\/wp-content\/uploads\/2019\/02\/VideoSindhu.mp4\">See short video<\/a><\/p>\n\n\n\n<p style=\"font-size:12px\">CEO at <a href=\"https:\/\/www.cognicor.com\/\">Cognicor, San Francisco<\/a><\/p>\n<\/div><\/div>\n\n\n\n<div class=\"wp-block-media-text alignwide\" style=\"grid-template-columns:17% auto\"><figure class=\"wp-block-media-text__media\"><img loading=\"lazy\" decoding=\"async\" width=\"150\" height=\"200\" src=\"http:\/\/www.iiia.csic.es\/~sierra\/wp-content\/uploads\/2018\/12\/adrian.jpg\" alt=\"\" class=\"wp-image-82\"\/><\/figure><div class=\"wp-block-media-text__content\">\n<p><strong><a href=\"https:\/\/www.linkedin.com\/in\/eidrien\/ \">Adrian Perreau de Pinninck<\/a><\/strong><\/p>\n\n\n\n<p class=\"has-small-font-size\"><a href=\"http:\/\/www.iiia.csic.es\/~sierra\/wp-content\/uploads\/2018\/12\/ThesisAdrian.pdf\">Get PhD<\/a><\/p>\n\n\n\n<p style=\"font-size:12px\">Principal Consultant and Partner at <a href=\"http:\/\/www.partnos.com\">Partnos<\/a><\/p>\n<\/div><\/div>\n\n\n\n<div class=\"wp-block-media-text alignwide\" style=\"grid-template-columns:17% auto\"><figure class=\"wp-block-media-text__media\"><img loading=\"lazy\" decoding=\"async\" width=\"766\" height=\"1024\" src=\"http:\/\/www.iiia.csic.es\/~sierra\/wp\/wp-content\/uploads\/2019\/01\/Ana-766x1024.jpg\" alt=\"\" class=\"wp-image-140\" srcset=\"https:\/\/www.iiia.csic.es\/~sierra\/wp-content\/uploads\/2019\/01\/Ana-766x1024.jpg 766w, https:\/\/www.iiia.csic.es\/~sierra\/wp-content\/uploads\/2019\/01\/Ana-224x300.jpg 224w, https:\/\/www.iiia.csic.es\/~sierra\/wp-content\/uploads\/2019\/01\/Ana-768x1026.jpg 768w, https:\/\/www.iiia.csic.es\/~sierra\/wp-content\/uploads\/2019\/01\/Ana-1200x1604.jpg 1200w, https:\/\/www.iiia.csic.es\/~sierra\/wp-content\/uploads\/2019\/01\/Ana.jpg 1772w\" sizes=\"auto, (max-width: 766px) 85vw, 766px\" \/><\/figure><div class=\"wp-block-media-text__content\">\n<p><strong><a href=\"https:\/\/www.researchgate.net\/profile\/Ana_Casali\">Ana Casali<\/a><\/strong><\/p>\n\n\n\n<p class=\"has-small-font-size\"><a href=\"http:\/\/www.iiia.csic.es\/~sierra\/wp-content\/uploads\/2019\/01\/thesisAna.pdf\">Get PhD<\/a><\/p>\n\n\n\n<p style=\"font-size:12px\">Head of the <a href=\"http:\/\/www.cifasis-conicet.gov.ar\/personal\/5\">Comp. Sci. Dept. Uni. Rosario, Argentina<\/a><\/p>\n<\/div><\/div>\n\n\n\n<div class=\"wp-block-media-text alignwide\" style=\"grid-template-columns:17% auto\"><figure class=\"wp-block-media-text__media\"><img loading=\"lazy\" decoding=\"async\" width=\"160\" height=\"240\" src=\"http:\/\/www.iiia.csic.es\/~sierra\/wp-content\/uploads\/2019\/01\/anton.jpg\" alt=\"\" class=\"wp-image-145\"\/><\/figure><div class=\"wp-block-media-text__content\">\n<p><strong><a href=\"https:\/\/www.westernsydney.edu.au\/staff_profiles\/uws_profiles\/doctor_anton_bogdanovych\">Anton Bogdanovych<\/a><\/strong><\/p>\n\n\n\n<p class=\"has-small-font-size\"><a href=\"http:\/\/www.iiia.csic.es\/~sierra\/wp-content\/uploads\/2019\/01\/MONOG_39_A.BOGDANOVYCH.pdf\">Get Ph<\/a><a href=\"http:\/\/www.iiia.csic.es\/~sierra\/wp\/wp-content\/uploads\/2019\/01\/MONOG_39_A.BOGDANOVYCH.pdf\">D<\/a><\/p>\n\n\n\n<p style=\"font-size:12px\">Senior Lecturer, <a href=\"https:\/\/www.westernsydney.edu.au\/\">Western Sydney University<\/a><\/p>\n<\/div><\/div>\n\n\n\n<div class=\"wp-block-media-text alignwide\" style=\"grid-template-columns:17% auto\"><figure class=\"wp-block-media-text__media\"><img loading=\"lazy\" decoding=\"async\" width=\"470\" height=\"321\" src=\"http:\/\/www.iiia.csic.es\/~sierra\/wp\/wp-content\/uploads\/2019\/01\/gopal.jpg\" alt=\"\" class=\"wp-image-147\" srcset=\"https:\/\/www.iiia.csic.es\/~sierra\/wp-content\/uploads\/2019\/01\/gopal.jpg 470w, https:\/\/www.iiia.csic.es\/~sierra\/wp-content\/uploads\/2019\/01\/gopal-300x205.jpg 300w\" sizes=\"auto, (max-width: 470px) 85vw, 470px\" \/><\/figure><div class=\"wp-block-media-text__content\">\n<p><a href=\"https:\/\/www.ecs.soton.ac.uk\/people\/sdr1\">Sarvapali Ramchurn<\/a><\/p>\n\n\n\n<p class=\"has-small-font-size\"><a href=\"http:\/\/www.iiia.csic.es\/~sierra\/wp-content\/uploads\/2019\/01\/thesisGopal.pdf\">Get PhD<\/a><\/p>\n\n\n\n<p style=\"font-size:12px\">Professor at the <a href=\"https:\/\/www.southampton.ac.uk\/\">University of Southampton<\/a><\/p>\n<\/div><\/div>\n\n\n\n<div class=\"wp-block-media-text alignwide\" style=\"grid-template-columns:17% auto\"><figure class=\"wp-block-media-text__media\"><img loading=\"lazy\" decoding=\"async\" width=\"960\" height=\"720\" src=\"http:\/\/www.iiia.csic.es\/~sierra\/wp\/wp-content\/uploads\/2019\/01\/marc.jpg\" alt=\"\" class=\"wp-image-150\" srcset=\"https:\/\/www.iiia.csic.es\/~sierra\/wp-content\/uploads\/2019\/01\/marc.jpg 960w, https:\/\/www.iiia.csic.es\/~sierra\/wp-content\/uploads\/2019\/01\/marc-300x225.jpg 300w, https:\/\/www.iiia.csic.es\/~sierra\/wp-content\/uploads\/2019\/01\/marc-768x576.jpg 768w\" sizes=\"auto, (max-width: 709px) 85vw, (max-width: 909px) 67vw, (max-width: 1362px) 62vw, 840px\" \/><\/figure><div class=\"wp-block-media-text__content\">\n<p><a href=\"https:\/\/www.iiia.csic.es\/es\/staff\/marc-esteva\">Marc Esteva<\/a><\/p>\n\n\n\n<p class=\"has-small-font-size\"><a href=\"http:\/\/www.iiia.csic.es\/~sierra\/wp-content\/uploads\/2019\/01\/MONOG_19_M.ESTEVA.pdf\">Get PhD<\/a><\/p>\n\n\n\n<p style=\"font-size:12px\"><\/p>\n<\/div><\/div>\n\n\n\n<div class=\"wp-block-media-text alignwide\" style=\"grid-template-columns:17% auto\"><figure class=\"wp-block-media-text__media\"><img loading=\"lazy\" decoding=\"async\" width=\"518\" height=\"640\" src=\"http:\/\/www.iiia.csic.es\/~sierra\/wp\/wp-content\/uploads\/2019\/01\/jordi.jpeg\" alt=\"\" class=\"wp-image-149\" srcset=\"https:\/\/www.iiia.csic.es\/~sierra\/wp-content\/uploads\/2019\/01\/jordi.jpeg 518w, https:\/\/www.iiia.csic.es\/~sierra\/wp-content\/uploads\/2019\/01\/jordi-243x300.jpeg 243w\" sizes=\"auto, (max-width: 518px) 85vw, 518px\" \/><\/figure><div class=\"wp-block-media-text__content\">\n<p><a href=\"http:\/\/www.iiia.csic.es\/~jsabater\/\">Jordi Sabater<\/a><\/p>\n\n\n\n<p class=\"has-small-font-size\"><a href=\"http:\/\/www.iiia.csic.es\/~sierra\/wp-content\/uploads\/2019\/01\/MONOG_20_J.SABATER.pdf\">Get PhD<\/a><\/p>\n\n\n\n<p style=\"font-size:12px\">Research Scientist at <a href=\"http:\/\/iiia.csic.es\">IIIA<\/a><\/p>\n<\/div><\/div>\n\n\n\n<div class=\"wp-block-media-text alignwide\" style=\"grid-template-columns:17% auto\"><figure class=\"wp-block-media-text__media\"><img loading=\"lazy\" decoding=\"async\" width=\"600\" height=\"600\" src=\"http:\/\/www.iiia.csic.es\/~sierra\/wp\/wp-content\/uploads\/2019\/01\/DidacBusquets.jpg\" alt=\"\" class=\"wp-image-172\" srcset=\"https:\/\/www.iiia.csic.es\/~sierra\/wp-content\/uploads\/2019\/01\/DidacBusquets.jpg 600w, https:\/\/www.iiia.csic.es\/~sierra\/wp-content\/uploads\/2019\/01\/DidacBusquets-150x150.jpg 150w, https:\/\/www.iiia.csic.es\/~sierra\/wp-content\/uploads\/2019\/01\/DidacBusquets-300x300.jpg 300w\" sizes=\"auto, (max-width: 600px) 85vw, 600px\" \/><\/figure><div class=\"wp-block-media-text__content\">\n<p><a href=\"https:\/\/www.linkedin.com\/in\/d%C3%ADdac-busquets-78997620\/?originalSubdomain=uk\">D\u00eddac Busquets<\/a><\/p>\n\n\n\n<p class=\"has-small-font-size\"><a href=\"http:\/\/www.iiia.csic.es\/~sierra\/wp-content\/uploads\/2019\/01\/ThesisDidac.pdf\">Get PhD<\/a><\/p>\n\n\n\n<p style=\"font-size:12px\">Chief Scientist at <a href=\"https:\/\/www.imsim.co.uk\/\">Immense Simulations<\/a><\/p>\n<\/div><\/div>\n\n\n\n<div class=\"wp-block-media-text alignwide\" style=\"grid-template-columns:17% auto\"><figure class=\"wp-block-media-text__media\"><img loading=\"lazy\" decoding=\"async\" width=\"230\" height=\"219\" src=\"http:\/\/www.iiia.csic.es\/~sierra\/wp-content\/uploads\/2019\/01\/jar.jpg\" alt=\"\" class=\"wp-image-148\"\/><\/figure><div class=\"wp-block-media-text__content\">\n<p><a href=\"http:\/\/www.iiia.csic.es\/~jar\/Jariiia\/Home.html\">Juan Antonio Rodr\u00edguez-Aguilar<\/a><\/p>\n\n\n\n<p class=\"has-small-font-size\"><a href=\"http:\/\/www.iiia.csic.es\/~sierra\/wp-content\/uploads\/2019\/01\/ThesisJAR.pdf\">Get PhD<\/a><\/p>\n\n\n\n<p style=\"font-size:12px\">Research Scientist at <a href=\"http:\/\/iiia.csic.es\">IIIA<\/a><\/p>\n<\/div><\/div>\n\n\n\n<div class=\"wp-block-media-text alignwide\" style=\"grid-template-columns:17% auto\"><figure class=\"wp-block-media-text__media\"><img loading=\"lazy\" decoding=\"async\" width=\"233\" height=\"216\" src=\"http:\/\/www.iiia.csic.es\/~sierra\/wp-content\/uploads\/2019\/01\/peyman.jpg\" alt=\"\" class=\"wp-image-136\"\/><\/figure><div class=\"wp-block-media-text__content\">\n<p><a href=\"https:\/\/www.linkedin.com\/in\/pfaratin\/\">Peyman Faratin<\/a><\/p>\n\n\n\n<p class=\"has-small-font-size\"><a href=\"http:\/\/www.iiia.csic.es\/~sierra\/wp-content\/uploads\/2019\/01\/peyman-thesis.pdf\">Get Ph<\/a><a href=\"http:\/\/www.iiia.csic.es\/~sierra\/wp\/wp-content\/uploads\/2019\/01\/peyman-thesis.pdf\">D<\/a><\/p>\n\n\n\n<p style=\"font-size:12px\">Head Scientist, <a href=\"https:\/\/twosigmaiq.com\/\">Two Sigma IQ, New York<\/a><\/p>\n<\/div><\/div>\n\n\n\n<div class=\"wp-block-media-text alignwide\" style=\"grid-template-columns:17% auto\"><figure class=\"wp-block-media-text__media\"><img loading=\"lazy\" decoding=\"async\" width=\"225\" height=\"225\" src=\"http:\/\/www.iiia.csic.es\/~sierra\/wp\/wp-content\/uploads\/2019\/01\/pablo.jpg\" alt=\"\" class=\"wp-image-157\" srcset=\"https:\/\/www.iiia.csic.es\/~sierra\/wp-content\/uploads\/2019\/01\/pablo.jpg 225w, https:\/\/www.iiia.csic.es\/~sierra\/wp-content\/uploads\/2019\/01\/pablo-150x150.jpg 150w\" sizes=\"auto, (max-width: 225px) 85vw, 225px\" \/><\/figure><div class=\"wp-block-media-text__content\">\n<p><a href=\"http:\/\/www.iiia.csic.es\/~pablo\/\">Pablo Noriega<\/a><\/p>\n\n\n\n<p class=\"has-small-font-size\"><a href=\"http:\/\/www.iiia.csic.es\/~sierra\/wp-content\/uploads\/2019\/01\/MONOG_8_P.NORIEGA.pdf\">Get PhD<\/a><\/p>\n\n\n\n<p style=\"font-size:12px\">Research Scientist at <a href=\"http:\/\/iiia.csic.es\">IIIA<\/a><\/p>\n<\/div><\/div>\n\n\n\n<div class=\"wp-block-media-text alignwide\" style=\"grid-template-columns:17% auto\"><figure class=\"wp-block-media-text__media\"><img loading=\"lazy\" decoding=\"async\" width=\"344\" height=\"595\" src=\"http:\/\/www.iiia.csic.es\/~sierra\/wp\/wp-content\/uploads\/2019\/01\/Marta.jpg\" alt=\"\" class=\"wp-image-395\" srcset=\"https:\/\/www.iiia.csic.es\/~sierra\/wp-content\/uploads\/2019\/01\/Marta.jpg 344w, https:\/\/www.iiia.csic.es\/~sierra\/wp-content\/uploads\/2019\/01\/Marta-173x300.jpg 173w\" sizes=\"auto, (max-width: 344px) 85vw, 344px\" \/><\/figure><div class=\"wp-block-media-text__content\">\n<p>Marta Domingo<\/p>\n\n\n\n<p class=\"has-small-font-size\">Get PhD<\/p>\n\n\n\n<p style=\"font-size:12px\">High school teacher, <a href=\"http:\/\/www.elcimvilanova.cat\/\">El Cim, Vilanova<\/a><br><\/p>\n<\/div><\/div>\n\n\n\n<div class=\"wp-block-media-text alignwide\" style=\"grid-template-columns:17% auto\"><figure class=\"wp-block-media-text__media\"><img loading=\"lazy\" decoding=\"async\" width=\"194\" height=\"260\" src=\"http:\/\/www.iiia.csic.es\/~sierra\/wp-content\/uploads\/2019\/01\/vila.jpg\" alt=\"\" class=\"wp-image-158\"\/><\/figure><div class=\"wp-block-media-text__content\">\n<p><a href=\"http:\/\/www.lsi.upc.es\/~vila\/\">Llu\u00eds Vila<\/a><\/p>\n\n\n\n<p class=\"has-small-font-size\">Get PhD<\/p>\n\n\n\n<p style=\"font-size:12px\">Associate Professor at <a href=\"http:\/\/www.cs.upc.edu\/\">Computer Science Deparment, UPC<\/a><\/p>\n<\/div><\/div>\n","protected":false},"excerpt":{"rendered":"<p>Get info on my genealogy in science here. And a graph with my ancestors here. Ewa Andrejczuk Get PhD Research Fellow at NTU, Singapore Dave de Jonge Get PhD Research Fellow at IIIA, CSIC Mar\u00eda del Carmen Delgado Get PhD High School Teacher \u00c0ngels F\u00e0bregues Get PhD Research Fellow at Autonomous University of Barcelona Sindhu &hellip; <a href=\"https:\/\/www.iiia.csic.es\/~sierra\/my-students\/\" class=\"more-link\">Continue reading<span class=\"screen-reader-text\"> &#8220;Students&#8221;<\/span><\/a><\/p>\n","protected":false},"author":1,"featured_media":0,"parent":0,"menu_order":0,"comment_status":"closed","ping_status":"closed","template":"","meta":{"footnotes":""},"class_list":["post-37","page","type-page","status-publish","hentry"],"_links":{"self":[{"href":"https:\/\/www.iiia.csic.es\/~sierra\/wp-json\/wp\/v2\/pages\/37","targetHints":{"allow":["GET"]}}],"collection":[{"href":"https:\/\/www.iiia.csic.es\/~sierra\/wp-json\/wp\/v2\/pages"}],"about":[{"href":"https:\/\/www.iiia.csic.es\/~sierra\/wp-json\/wp\/v2\/types\/page"}],"author":[{"embeddable":true,"href":"https:\/\/www.iiia.csic.es\/~sierra\/wp-json\/wp\/v2\/users\/1"}],"replies":[{"embeddable":true,"href":"https:\/\/www.iiia.csic.es\/~sierra\/wp-json\/wp\/v2\/comments?post=37"}],"version-history":[{"count":45,"href":"https:\/\/www.iiia.csic.es\/~sierra\/wp-json\/wp\/v2\/pages\/37\/revisions"}],"predecessor-version":[{"id":605,"href":"https:\/\/www.iiia.csic.es\/~sierra\/wp-json\/wp\/v2\/pages\/37\/revisions\/605"}],"wp:attachment":[{"href":"https:\/\/www.iiia.csic.es\/~sierra\/wp-json\/wp\/v2\/media?parent=37"}],"curies":[{"name":"wp","href":"https:\/\/api.w.org\/{rel}","templated":true}]}}